{"id":21,"date":"2015-12-03T23:06:23","date_gmt":"2015-12-03T23:06:23","guid":{"rendered":"http:\/\/www.sohoinformatica.com.br\/?page_id=21"},"modified":"2015-12-03T23:24:49","modified_gmt":"2015-12-03T23:24:49","slug":"produtos","status":"publish","type":"page","link":"https:\/\/sohoinformatica.com.br\/index.php\/produtos\/","title":{"rendered":"Produtos"},"content":{"rendered":"<h2><span style=\"color: #000080;\"><strong>Computa\u00e7\u00e3o Pessoal<\/strong><\/span><\/h2>\n<ul>\n<li><strong>Desktops<\/strong><\/li>\n<li><strong>Notebooks<\/strong><\/li>\n<li><strong>All-in-Ones<\/strong><\/li>\n<li><strong>WorkStations<\/strong><\/li>\n<li><strong>Ultrabooks<\/strong><\/li>\n<li><strong>Thinclients<\/strong><\/li>\n<li><strong>Tablets<\/strong><\/li>\n<li><strong>Acess\u00f3rios<\/strong><\/li>\n<li><strong>Monitores<\/strong><\/li>\n<\/ul>\n<p><strong>\u00a0<\/strong><\/p>\n<h2><span style=\"color: #000080;\"><strong>Imagem e Impress\u00e3o<\/strong><\/span><\/h2>\n<ul>\n<li><strong>Jato de Tinta<\/strong><\/li>\n<li><strong>Laser<\/strong><\/li>\n<li><strong>Matriciais<\/strong><\/li>\n<li><strong>Multifuncionais<\/strong><\/li>\n<li><strong>Plotters<\/strong><\/li>\n<li><strong>Projetores<\/strong><\/li>\n<li><strong>Scanners<\/strong><\/li>\n<li><strong>Acess\u00f3rios<\/strong><\/li>\n<li><strong>Suprimentos<\/strong><\/li>\n<\/ul>\n<p><strong>\u00a0<\/strong><\/p>\n<h2><span style=\"color: #000080;\"><strong>Servidores e Storages<\/strong><\/span><\/h2>\n<ul>\n<li><strong>Servidores<\/strong><\/li>\n<li><strong>Storage<\/strong><\/li>\n<li><strong>Blade<\/strong><\/li>\n<li><strong>Acess\u00f3rios<\/strong><\/li>\n<\/ul>\n<p><strong>\u00a0<\/strong><\/p>\n<h2><span style=\"color: #000080;\"><strong>Sotwares<\/strong><\/span><\/h2>\n<ul>\n<li><strong>Sistemas Operacionais<\/strong><\/li>\n<li><strong>Aplicativos<\/strong><\/li>\n<\/ul>\n<p><strong>\u00a0<\/strong><\/p>\n<h2><span style=\"color: #000080;\"><strong>Networking<\/strong><\/span><\/h2>\n<ul>\n<li><strong>Switches<\/strong><\/li>\n<li><strong>Roteadores<\/strong><\/li>\n<li><strong>Wireless<\/strong><\/li>\n<li><strong>Seguran\u00e7a<\/strong><\/li>\n<li><strong>Comunica\u00e7\u00e3o Unificada<\/strong><\/li>\n<li><strong>Gerenciamento<\/strong><\/li>\n<\/ul>\n<p><strong>\u00a0<\/strong><\/p>\n<h2><span style=\"color: #000080;\"><strong>Energia<\/strong><\/span><\/h2>\n<ul>\n<li><strong>No-Breaks<\/strong><\/li>\n<li><strong>Racks e Acess\u00f3rios<\/strong><\/li>\n<li><strong>Acess\u00f3rios<\/strong><\/li>\n<\/ul>\n","protected":false},"excerpt":{"rendered":"<p>Computa\u00e7\u00e3o Pessoal Desktops Notebooks All-in-Ones WorkStations Ultrabooks Thinclients Tablets Acess\u00f3rios Monitores \u00a0 Imagem e Impress\u00e3o Jato de Tinta Laser Matriciais Multifuncionais Plotters Projetores Scanners Acess\u00f3rios Suprimentos \u00a0 Servidores e Storages <a class=\"more-link\" href=\"https:\/\/sohoinformatica.com.br\/index.php\/produtos\/\">Continuar a leitura &rarr;<\/a><\/p>\n","protected":false},"author":1,"featured_media":0,"parent":0,"menu_order":0,"comment_status":"closed","ping_status":"closed","template":"","meta":{"footnotes":""},"_links":{"self":[{"href":"https:\/\/sohoinformatica.com.br\/index.php\/wp-json\/wp\/v2\/pages\/21"}],"collection":[{"href":"https:\/\/sohoinformatica.com.br\/index.php\/wp-json\/wp\/v2\/pages"}],"about":[{"href":"https:\/\/sohoinformatica.com.br\/index.php\/wp-json\/wp\/v2\/types\/page"}],"author":[{"embeddable":true,"href":"https:\/\/sohoinformatica.com.br\/index.php\/wp-json\/wp\/v2\/users\/1"}],"replies":[{"embeddable":true,"href":"https:\/\/sohoinformatica.com.br\/index.php\/wp-json\/wp\/v2\/comments?post=21"}],"version-history":[{"count":1,"href":"https:\/\/sohoinformatica.com.br\/index.php\/wp-json\/wp\/v2\/pages\/21\/revisions"}],"predecessor-version":[{"id":22,"href":"https:\/\/sohoinformatica.com.br\/index.php\/wp-json\/wp\/v2\/pages\/21\/revisions\/22"}],"wp:attachment":[{"href":"https:\/\/sohoinformatica.com.br\/index.php\/wp-json\/wp\/v2\/media?parent=21"}],"curies":[{"name":"wp","href":"https:\/\/api.w.org\/{rel}","templated":true}]}}