{"id":8,"date":"2015-12-03T22:32:04","date_gmt":"2015-12-03T22:32:04","guid":{"rendered":"http:\/\/www.sohoinformatica.com.br\/?page_id=8"},"modified":"2015-12-03T23:24:34","modified_gmt":"2015-12-03T23:24:34","slug":"a-empresa","status":"publish","type":"page","link":"https:\/\/sohoinformatica.com.br\/index.php\/a-empresa\/","title":{"rendered":"A Empresa"},"content":{"rendered":"<p class=\"ecxMsoNormal\" style=\"text-align: justify;\">SOHO Inform\u00e1tica, fundada em 1995, \u00e9 uma empresa focada em fornecimento de hardware, software, projetos e consultoria, oferecendo solu\u00e7\u00f5es dos principais fabricantes de tecnologia da informa\u00e7\u00e3o.<\/p>\n<p class=\"ecxMsoNormal\" style=\"text-align: justify;\">Localizada no Rio de Janeiro, conta com logisticas capacitadas para entregar em todo o Brasil.<\/p>\n<p class=\"ecxMsoNormal\" style=\"text-align: justify;\">Contamos com colaboradores para o desenvolvimento de projetos nas \u00e1reas de processamento e armazenamento de informa\u00e7\u00f5es, alta disponibilidade, computa\u00e7\u00e3o pessoal, impress\u00e3o, mobilidade entre outros.<\/p>\n<p class=\"ecxMsoNormal\" style=\"text-align: justify;\">A Soho Inform\u00e1tica, Revenda Oficial HP, \u00e9 participante dos novos programas para 2016, <strong>HP Enterprise Partner Read Program<\/strong> e <strong>HP PartnerFirst<\/strong>, nas categorias de imagem e impress\u00e3o, desktops e notebooks, servidores e storage.<\/p>\n<p class=\"ecxMsoNormal\" style=\"text-align: justify;\">Sempre nos destacamos na comercializa\u00e7\u00e3o de equipamentos Hewllet Packard, ciente das necessidades dos clientes que atuam em um mercado altamente competitivo.<\/p>\n<p class=\"ecxMsoNormal\" style=\"text-align: justify;\">Para melhor desempenhar o papel de integrador e fornecer solu\u00e7\u00f5es completas que se enquadrem no ambiente de tecnologias , temos a meta de manter como parceiros empresas de renome, l\u00edderes do mercado com excelente grau de qualidade que acrescentem confiabilidade e competitividade aos valores agregados.<\/p>\n<p class=\"ecxMsoNormal\" style=\"text-align: justify;\">Nosso intuito \u00e9 de atender como parceiro em Tecnologia de Informa\u00e7\u00e3o que ap\u00f3ie seus objetivos com a certeza que temos a solu\u00e7\u00e3o para as necessidades de cada cliente.<\/p>\n<p class=\"ecxMsoNormal\" style=\"text-align: justify;\">O nosso sucesso depende da perfeita integra\u00e7\u00e3o e funcionalidade de seu ambiente computacional.<\/p>\n<p class=\"ecxMsoNormal\" style=\"text-align: justify;\">Essa \u00e9 a raz\u00e3o pela qual voc\u00ea deve explorar as vantagens de utilizar<\/p>\n","protected":false},"excerpt":{"rendered":"<p>SOHO Inform\u00e1tica, fundada em 1995, \u00e9 uma empresa focada em fornecimento de hardware, software, projetos e consultoria, oferecendo solu\u00e7\u00f5es dos principais fabricantes de tecnologia da informa\u00e7\u00e3o. Localizada no Rio de <a class=\"more-link\" href=\"https:\/\/sohoinformatica.com.br\/index.php\/a-empresa\/\">Continuar a leitura &rarr;<\/a><\/p>\n","protected":false},"author":1,"featured_media":0,"parent":0,"menu_order":0,"comment_status":"closed","ping_status":"closed","template":"","meta":{"footnotes":""},"_links":{"self":[{"href":"https:\/\/sohoinformatica.com.br\/index.php\/wp-json\/wp\/v2\/pages\/8"}],"collection":[{"href":"https:\/\/sohoinformatica.com.br\/index.php\/wp-json\/wp\/v2\/pages"}],"about":[{"href":"https:\/\/sohoinformatica.com.br\/index.php\/wp-json\/wp\/v2\/types\/page"}],"author":[{"embeddable":true,"href":"https:\/\/sohoinformatica.com.br\/index.php\/wp-json\/wp\/v2\/users\/1"}],"replies":[{"embeddable":true,"href":"https:\/\/sohoinformatica.com.br\/index.php\/wp-json\/wp\/v2\/comments?post=8"}],"version-history":[{"count":1,"href":"https:\/\/sohoinformatica.com.br\/index.php\/wp-json\/wp\/v2\/pages\/8\/revisions"}],"predecessor-version":[{"id":9,"href":"https:\/\/sohoinformatica.com.br\/index.php\/wp-json\/wp\/v2\/pages\/8\/revisions\/9"}],"wp:attachment":[{"href":"https:\/\/sohoinformatica.com.br\/index.php\/wp-json\/wp\/v2\/media?parent=8"}],"curies":[{"name":"wp","href":"https:\/\/api.w.org\/{rel}","templated":true}]}}